{"id":1758,"date":"2024-10-20T13:42:44","date_gmt":"2024-10-20T13:42:44","guid":{"rendered":"https:\/\/valientea.com\/?page_id=1758"},"modified":"2025-02-05T09:12:07","modified_gmt":"2025-02-05T09:12:07","slug":"about-valientea-company","status":"publish","type":"page","link":"https:\/\/valientea.com\/de\/about-valientea-company\/","title":{"rendered":"About Valientea Company"},"content":{"rendered":"<div data-elementor-type=\"wp-page\" data-elementor-id=\"1758\" class=\"elementor elementor-1758\" data-elementor-post-type=\"page\">\n\t\t\t\t\t\t<section class=\"elementor-section elementor-top-section elementor-element elementor-element-114a84a elementor-section-content-middle elementor-section-stretched elementor-section-boxed elementor-section-height-default elementor-section-height-default\" data-id=\"114a84a\" data-element_type=\"section\" data-e-type=\"section\" data-settings=\"{&quot;background_background&quot;:&quot;classic&quot;,&quot;stretch_section&quot;:&quot;section-stretched&quot;}\">\n\t\t\t\t\t\t\t<div class=\"elementor-background-overlay\"><\/div>\n\t\t\t\t\t\t\t<div class=\"elementor-container elementor-column-gap-no\">\n\t\t\t\t\t<div class=\"elementor-column elementor-col-100 elementor-top-column elementor-element elementor-element-c376ebb\" data-id=\"c376ebb\" data-element_type=\"column\" data-e-type=\"column\">\n\t\t\t<div class=\"elementor-widget-wrap\">\n\t\t\t\t\t\t\t<\/div>\n\t\t<\/div>\n\t\t\t\t\t<\/div>\n\t\t<\/section>\n\t\t\t\t<section class=\"elementor-section elementor-top-section elementor-element elementor-element-2e976f8d elementor-section-height-min-height elementor-section-boxed elementor-section-height-default elementor-section-items-middle\" data-id=\"2e976f8d\" data-element_type=\"section\" data-e-type=\"section\" data-settings=\"{&quot;background_background&quot;:&quot;video&quot;,&quot;background_video_link&quot;:&quot;https:\\\/\\\/youtu.be\\\/4ezD0r_rxfU?si=13-lK7ZtnolHDWf2&quot;,&quot;background_video_start&quot;:2,&quot;background_play_on_mobile&quot;:&quot;yes&quot;}\">\n\t\t\t\t\t\t\t\t<div class=\"elementor-background-video-container\">\n\t\t\t\t\t\t\t\t\t\t\t\t\t<div class=\"elementor-background-video-embed\" role=\"presentation\"><\/div>\n\t\t\t\t\t\t\t\t\t\t\t\t<\/div>\n\t\t\t\t\t\t\t\t\t<div class=\"elementor-background-overlay\"><\/div>\n\t\t\t\t\t\t\t<div class=\"elementor-container elementor-column-gap-no\">\n\t\t\t\t\t<div class=\"elementor-column elementor-col-100 elementor-top-column elementor-element elementor-element-183dfe91\" data-id=\"183dfe91\" data-element_type=\"column\" data-e-type=\"column\">\n\t\t\t<div class=\"elementor-widget-wrap\">\n\t\t\t\t\t\t\t<\/div>\n\t\t<\/div>\n\t\t\t\t\t<\/div>\n\t\t<\/section>\n\t\t\t\t<section class=\"elementor-section elementor-top-section elementor-element elementor-element-0ef1ccb elementor-section-content-middle elementor-section-boxed elementor-section-height-default elementor-section-height-default\" data-id=\"0ef1ccb\" data-element_type=\"section\" data-e-type=\"section\" data-settings=\"{&quot;background_background&quot;:&quot;classic&quot;}\">\n\t\t\t\t\t\t\t<div class=\"elementor-background-overlay\"><\/div>\n\t\t\t\t\t\t\t<div class=\"elementor-container elementor-column-gap-no\">\n\t\t\t\t\t<div class=\"elementor-column elementor-col-50 elementor-top-column elementor-element elementor-element-d8a46d6 animated-slow\" data-id=\"d8a46d6\" data-element_type=\"column\" data-e-type=\"column\" data-settings=\"{&quot;background_background&quot;:&quot;classic&quot;,&quot;animation&quot;:&quot;none&quot;,&quot;animation_mobile&quot;:&quot;none&quot;}\">\n\t\t\t<div class=\"elementor-widget-wrap elementor-element-populated\">\n\t\t\t\t\t\t<div class=\"elementor-element elementor-element-7d4ceb5 elementor-widget elementor-widget-image\" data-id=\"7d4ceb5\" data-element_type=\"widget\" data-e-type=\"widget\" data-widget_type=\"image.default\">\n\t\t\t\t<div class=\"elementor-widget-container\">\n\t\t\t\t\t\t\t\t\t\t\t\t\t\t\t<img decoding=\"async\" src=\"https:\/\/valientea.com\/wp-content\/uploads\/elementor\/thumbs\/Valientea-landscape-2-1-1-r1kwoeihbsrzkzwt40lz3uzkwjvgaxxown5n3lxvyo.jpeg\" title=\"Valientea landscape 2.jpeg 1 (1)\" alt=\"Valientea landscape 2.jpeg 1 (1)\" class=\"elementor-animation-bob\" loading=\"lazy\" \/>\t\t\t\t\t\t\t\t\t\t\t\t\t\t\t<\/div>\n\t\t\t\t<\/div>\n\t\t\t\t\t<\/div>\n\t\t<\/div>\n\t\t\t\t<div class=\"elementor-column elementor-col-50 elementor-top-column elementor-element elementor-element-2677250\" data-id=\"2677250\" data-element_type=\"column\" data-e-type=\"column\" data-settings=\"{&quot;background_background&quot;:&quot;classic&quot;}\">\n\t\t\t<div class=\"elementor-widget-wrap elementor-element-populated\">\n\t\t\t\t\t\t<div class=\"elementor-element elementor-element-6065e67 elementor-widget elementor-widget-heading\" data-id=\"6065e67\" data-element_type=\"widget\" data-e-type=\"widget\" data-widget_type=\"heading.default\">\n\t\t\t\t<div class=\"elementor-widget-container\">\n\t\t\t\t\t<h5 class=\"elementor-heading-title elementor-size-default\">Die Inspiration hinter Valientea<\/h5>\t\t\t\t<\/div>\n\t\t\t\t<\/div>\n\t\t\t\t<div class=\"elementor-element elementor-element-3e2270f elementor-widget elementor-widget-heading\" data-id=\"3e2270f\" data-element_type=\"widget\" data-e-type=\"widget\" data-widget_type=\"heading.default\">\n\t\t\t\t<div class=\"elementor-widget-container\">\n\t\t\t\t\t<h2 class=\"elementor-heading-title elementor-size-default\">Die Geschichte unserer Marke Valientea<\/h2>\t\t\t\t<\/div>\n\t\t\t\t<\/div>\n\t\t\t\t<div class=\"elementor-element elementor-element-254a0cb elementor-widget elementor-widget-text-editor\" data-id=\"254a0cb\" data-element_type=\"widget\" data-e-type=\"widget\" data-widget_type=\"text-editor.default\">\n\t\t\t\t<div class=\"elementor-widget-container\">\n\t\t\t\t\t\t\t\t\t<p>Unser Familienbetrieb blickt auf eine \u00fcber sechzigj\u00e4hrige Geschichte bei PLASTIGI zur\u00fcck, einem belgischen Spezialisten f\u00fcr Rotationsgussverfahren. Diese lange Erfahrung lehrte uns, wie essentiell es ist, sowohl den K\u00f6rper als auch den Geist zu pflegen, um Gesundheit, Produktivit\u00e4t und Wohlbefinden zu f\u00f6rdern. Valientea bietet Ihnen eine nat\u00fcrliche und umweltfreundliche Roseninfusion, die dazu konzipiert wurde, K\u00f6rper und Geist zu erneuern sowie Balance und Vitalit\u00e4t zu f\u00f6rdern. Unsere tiefen Wurzeln in der Tradition und Natur spiegeln unser Engagement wider, ein luxuri\u00f6ses Wellness-Erlebnis zu schaffen, das jeden dazu inspiriert, auf seine innere St\u00e4rke und Gesundheit zu achten.<\/p>\t\t\t\t\t\t\t\t<\/div>\n\t\t\t\t<\/div>\n\t\t\t\t\t<\/div>\n\t\t<\/div>\n\t\t\t\t\t<\/div>\n\t\t<\/section>\n\t\t\t\t<section class=\"elementor-section elementor-top-section elementor-element elementor-element-44a07c4 elementor-section-boxed elementor-section-height-default elementor-section-height-default\" data-id=\"44a07c4\" data-element_type=\"section\" data-e-type=\"section\" data-settings=\"{&quot;background_background&quot;:&quot;classic&quot;}\">\n\t\t\t\t\t\t\t<div class=\"elementor-background-overlay\"><\/div>\n\t\t\t\t\t\t\t<div class=\"elementor-container elementor-column-gap-no\">\n\t\t\t\t\t<div class=\"elementor-column elementor-col-100 elementor-top-column elementor-element elementor-element-35b82c4\" data-id=\"35b82c4\" data-element_type=\"column\" data-e-type=\"column\">\n\t\t\t<div class=\"elementor-widget-wrap elementor-element-populated\">\n\t\t\t\t\t\t<div class=\"elementor-element elementor-element-444fc66 elementor-widget elementor-widget-heading\" data-id=\"444fc66\" data-element_type=\"widget\" data-e-type=\"widget\" data-widget_type=\"heading.default\">\n\t\t\t\t<div class=\"elementor-widget-container\">\n\t\t\t\t\t<h5 class=\"elementor-heading-title elementor-size-default\">Unternehmensvision, Mission, Nachhaltigkeit und Ethik<\/h5>\t\t\t\t<\/div>\n\t\t\t\t<\/div>\n\t\t\t\t<div class=\"elementor-element elementor-element-fa53c51 elementor-widget elementor-widget-heading\" data-id=\"fa53c51\" data-element_type=\"widget\" data-e-type=\"widget\" data-widget_type=\"heading.default\">\n\t\t\t\t<div class=\"elementor-widget-container\">\n\t\t\t\t\t<h2 class=\"elementor-heading-title elementor-size-default\">Getrieben von einer deutlichen Vision und einer starken Mission, setzen wir uns konsequent f\u00fcr nachhaltiges Handeln ein und folgen festen ethischen Prinzipien, die unser Tun bestimmen und zu dauerhaftem Erfolg f\u00fchren.<\/h2>\t\t\t\t<\/div>\n\t\t\t\t<\/div>\n\t\t\t\t\t<\/div>\n\t\t<\/div>\n\t\t\t\t\t<\/div>\n\t\t<\/section>\n\t\t\t\t<section class=\"elementor-section elementor-top-section elementor-element elementor-element-72f8cf16 elementor-section-boxed elementor-section-height-default elementor-section-height-default\" data-id=\"72f8cf16\" data-element_type=\"section\" data-e-type=\"section\" data-settings=\"{&quot;background_background&quot;:&quot;classic&quot;}\">\n\t\t\t\t\t\t\t<div class=\"elementor-background-overlay\"><\/div>\n\t\t\t\t\t\t\t<div class=\"elementor-container elementor-column-gap-no\">\n\t\t\t\t\t<div class=\"elementor-column elementor-col-100 elementor-top-column elementor-element elementor-element-3744b967\" data-id=\"3744b967\" data-element_type=\"column\" data-e-type=\"column\">\n\t\t\t<div class=\"elementor-widget-wrap elementor-element-populated\">\n\t\t\t\t\t\t<section class=\"elementor-section elementor-inner-section elementor-element elementor-element-5cd30d90 envato-kit-141-top-0 elementor-section-full_width elementor-section-height-default elementor-section-height-default\" data-id=\"5cd30d90\" data-element_type=\"section\" data-e-type=\"section\">\n\t\t\t\t\t\t<div class=\"elementor-container elementor-column-gap-default\">\n\t\t\t\t\t<div class=\"elementor-column elementor-col-50 elementor-inner-column elementor-element elementor-element-ea831f7 animated-slow elementor-invisible\" data-id=\"ea831f7\" data-element_type=\"column\" data-e-type=\"column\" data-settings=\"{&quot;background_background&quot;:&quot;classic&quot;,&quot;animation&quot;:&quot;fadeInLeft&quot;,&quot;animation_mobile&quot;:&quot;none&quot;}\">\n\t\t\t<div class=\"elementor-widget-wrap elementor-element-populated\">\n\t\t\t\t\t\t<div class=\"elementor-element elementor-element-3957b910 elementor-widget elementor-widget-image\" data-id=\"3957b910\" data-element_type=\"widget\" data-e-type=\"widget\" data-widget_type=\"image.default\">\n\t\t\t\t<div class=\"elementor-widget-container\">\n\t\t\t\t\t\t\t\t\t\t\t\t\t\t\t<img decoding=\"async\" src=\"https:\/\/valientea.com\/wp-content\/uploads\/elementor\/thumbs\/Valientea-rose-infusion-historyrose_infusion_-history-gigapixel-high-fidelity-v2-1x111-r1kwoeid2az3u5qg98qz8j1acmunxnxu2zwqpllo5g.jpeg\" title=\"Valientea rose infusion historyrose_infusion_ history-gigapixel-high fidelity v2-1x.jpeg111\" alt=\"Valientea rose infusion historyrose_infusion_ history-gigapixel-high fidelity v2-1x.jpeg111\" loading=\"lazy\" \/>\t\t\t\t\t\t\t\t\t\t\t\t\t\t\t<\/div>\n\t\t\t\t<\/div>\n\t\t\t\t<div class=\"elementor-element elementor-element-c19b234 elementor-widget elementor-widget-heading\" data-id=\"c19b234\" data-element_type=\"widget\" data-e-type=\"widget\" data-widget_type=\"heading.default\">\n\t\t\t\t<div class=\"elementor-widget-container\">\n\t\t\t\t\t<h5 class=\"elementor-heading-title elementor-size-default\">Innere Wellness f\u00f6rdern f\u00fcr ein ausgeglichenes Leben<\/h5>\t\t\t\t<\/div>\n\t\t\t\t<\/div>\n\t\t\t\t<div class=\"elementor-element elementor-element-516bc4e5 elementor-widget elementor-widget-heading\" data-id=\"516bc4e5\" data-element_type=\"widget\" data-e-type=\"widget\" data-widget_type=\"heading.default\">\n\t\t\t\t<div class=\"elementor-widget-container\">\n\t\t\t\t\t<h2 class=\"elementor-heading-title elementor-size-default\">Vision<\/h2>\t\t\t\t<\/div>\n\t\t\t\t<\/div>\n\t\t\t\t<div class=\"elementor-element elementor-element-3144d18d elementor-widget elementor-widget-text-editor\" data-id=\"3144d18d\" data-element_type=\"widget\" data-e-type=\"widget\" data-widget_type=\"text-editor.default\">\n\t\t\t\t<div class=\"elementor-widget-container\">\n\t\t\t\t\t\t\t\t\t<p>Valientea wurde mit der \u00dcberzeugung gegr\u00fcndet, dass wahres Wohlbefinden und Ausgeglichenheit von innen kommen. In der heutigen schnelllebigen Welt ist es eine Herausforderung, Gesundheit und Sch\u00f6nheit zu bewahren. Stress, Umweltgifte und schlechte Ern\u00e4hrung k\u00f6nnen unsere Energie, Haut und das allgemeine Wohlbefinden beeintr\u00e4chtigen. Unsere Vision geht \u00fcber das Angebot eines luxuri\u00f6sen Infusionserlebnisses hinaus \u2013 wir m\u00f6chten Ihre Wellness-Reise auf nat\u00fcrliche Weise unterst\u00fctzen. Jeder Schluck Valientea ist darauf ausgelegt, Balance, Vitalit\u00e4t und Widerstandsf\u00e4higkeit zu f\u00f6rdern, unter Verwendung der feinsten Auswahl an Rosen, um Ihnen zu helfen, auch an den hektischsten Tagen zu bl\u00fchen.<\/p>\t\t\t\t\t\t\t\t<\/div>\n\t\t\t\t<\/div>\n\t\t\t\t\t<\/div>\n\t\t<\/div>\n\t\t\t\t<div class=\"elementor-column elementor-col-50 elementor-inner-column elementor-element elementor-element-44a59072 animated-slow elementor-invisible\" data-id=\"44a59072\" data-element_type=\"column\" data-e-type=\"column\" data-settings=\"{&quot;background_background&quot;:&quot;classic&quot;,&quot;animation&quot;:&quot;fadeInRight&quot;,&quot;animation_mobile&quot;:&quot;none&quot;}\">\n\t\t\t<div class=\"elementor-widget-wrap elementor-element-populated\">\n\t\t\t\t\t\t<div class=\"elementor-element elementor-element-b30f41d elementor-widget elementor-widget-image\" data-id=\"b30f41d\" data-element_type=\"widget\" data-e-type=\"widget\" data-widget_type=\"image.default\">\n\t\t\t\t<div class=\"elementor-widget-container\">\n\t\t\t\t\t\t\t\t\t\t\t\t\t\t\t<img decoding=\"async\" src=\"https:\/\/valientea.com\/wp-content\/uploads\/elementor\/thumbs\/Valientea-landscape-5-r1kwodkivgxtijrteqcco19tr8zapyu3qv998bn2bo.jpeg\" title=\"Valientea landscape 5\" alt=\"Valientea landscape 5\" loading=\"lazy\" \/>\t\t\t\t\t\t\t\t\t\t\t\t\t\t\t<\/div>\n\t\t\t\t<\/div>\n\t\t\t\t<div class=\"elementor-element elementor-element-07a166b elementor-widget elementor-widget-heading\" data-id=\"07a166b\" data-element_type=\"widget\" data-e-type=\"widget\" data-widget_type=\"heading.default\">\n\t\t\t\t<div class=\"elementor-widget-container\">\n\t\t\t\t\t<h5 class=\"elementor-heading-title elementor-size-default\">Welness mit jedem Schluck kultivieren<\/h5>\t\t\t\t<\/div>\n\t\t\t\t<\/div>\n\t\t\t\t<div class=\"elementor-element elementor-element-7fe2fa97 elementor-widget elementor-widget-heading\" data-id=\"7fe2fa97\" data-element_type=\"widget\" data-e-type=\"widget\" data-widget_type=\"heading.default\">\n\t\t\t\t<div class=\"elementor-widget-container\">\n\t\t\t\t\t<h2 class=\"elementor-heading-title elementor-size-default\">Mission<\/h2>\t\t\t\t<\/div>\n\t\t\t\t<\/div>\n\t\t\t\t<div class=\"elementor-element elementor-element-6c79cd5d elementor-widget elementor-widget-text-editor\" data-id=\"6c79cd5d\" data-element_type=\"widget\" data-e-type=\"widget\" data-widget_type=\"text-editor.default\">\n\t\t\t\t<div class=\"elementor-widget-container\">\n\t\t\t\t\t\t\t\t\t<p>Valientea hat es sich zur Aufgabe gemacht, ganzheitliches Wohlbefinden durch ein erstklassiges und nat\u00fcrliches Tee-Erlebnis zu f\u00f6rdern. Wir vertrauen auf die heilende Kraft der Natur, die sowohl den K\u00f6rper als auch den Geist st\u00e4rkt. Unsere Roseninfusionen sind darauf ausgerichtet, Entspannung, Ausgeglichenheit, Gesundheit und innere Kraft zu f\u00f6rdern. Mit unserem Streben nach h\u00f6chster Qualit\u00e4t, ethischen Praktiken und Umweltschutz repr\u00e4sentiert Valientea mehr als nur eine Teemarke \u2013 es ist der Beginn einer Reise zu pers\u00f6nlichem Wachstum und einem achtsamen Lebensstil. Mit Valientea w\u00e4hlen Sie eine Marke, die sowohl Ihre Gesundheit als auch die Zukunft unseres Planeten wertsch\u00e4tzt.<\/p>\t\t\t\t\t\t\t\t<\/div>\n\t\t\t\t<\/div>\n\t\t\t\t\t<\/div>\n\t\t<\/div>\n\t\t\t\t\t<\/div>\n\t\t<\/section>\n\t\t\t\t<section class=\"elementor-section elementor-inner-section elementor-element elementor-element-98ae3d4 envato-kit-141-top-0 elementor-section-full_width elementor-section-height-default elementor-section-height-default\" data-id=\"98ae3d4\" data-element_type=\"section\" data-e-type=\"section\">\n\t\t\t\t\t\t<div class=\"elementor-container elementor-column-gap-default\">\n\t\t\t\t\t<div class=\"elementor-column elementor-col-50 elementor-inner-column elementor-element elementor-element-761a33c animated-slow elementor-invisible\" data-id=\"761a33c\" data-element_type=\"column\" data-e-type=\"column\" data-settings=\"{&quot;background_background&quot;:&quot;classic&quot;,&quot;animation&quot;:&quot;fadeInLeft&quot;,&quot;animation_mobile&quot;:&quot;none&quot;}\">\n\t\t\t<div class=\"elementor-widget-wrap elementor-element-populated\">\n\t\t\t\t\t\t<div class=\"elementor-element elementor-element-672ad51 elementor-widget elementor-widget-image\" data-id=\"672ad51\" data-element_type=\"widget\" data-e-type=\"widget\" data-widget_type=\"image.default\">\n\t\t\t\t<div class=\"elementor-widget-container\">\n\t\t\t\t\t\t\t\t\t\t\t\t\t\t\t<img decoding=\"async\" src=\"https:\/\/valientea.com\/wp-content\/uploads\/elementor\/thumbs\/Valientea-landscape-1-11-1-r1kwoar0aytyjpvwv74gyjzfz3d72viwqhasshr8uc.jpeg\" title=\"Valientea landscape 1-1.jpeg1 (1)\" alt=\"Valientea landscape 1-1.jpeg1 (1)\" loading=\"lazy\" \/>\t\t\t\t\t\t\t\t\t\t\t\t\t\t\t<\/div>\n\t\t\t\t<\/div>\n\t\t\t\t<div class=\"elementor-element elementor-element-35edf04 elementor-widget elementor-widget-heading\" data-id=\"35edf04\" data-element_type=\"widget\" data-e-type=\"widget\" data-widget_type=\"heading.default\">\n\t\t\t\t<div class=\"elementor-widget-container\">\n\t\t\t\t\t<h5 class=\"elementor-heading-title elementor-size-default\">Umweltfreundlicher Anbau f\u00fcr eine bessere Zukunft<\/h5>\t\t\t\t<\/div>\n\t\t\t\t<\/div>\n\t\t\t\t<div class=\"elementor-element elementor-element-a6554de elementor-widget elementor-widget-heading\" data-id=\"a6554de\" data-element_type=\"widget\" data-e-type=\"widget\" data-widget_type=\"heading.default\">\n\t\t\t\t<div class=\"elementor-widget-container\">\n\t\t\t\t\t<h2 class=\"elementor-heading-title elementor-size-default\">Nachhaltigkeit<\/h2>\t\t\t\t<\/div>\n\t\t\t\t<\/div>\n\t\t\t\t<div class=\"elementor-element elementor-element-2c50d77 elementor-widget elementor-widget-text-editor\" data-id=\"2c50d77\" data-element_type=\"widget\" data-e-type=\"widget\" data-widget_type=\"text-editor.default\">\n\t\t\t\t<div class=\"elementor-widget-container\">\n\t\t\t\t\t\t\t\t\t<p>Valientea verpflichtet sich konsequent zur Nachhaltigkeit in allen Bereichen unseres Handelns. Unsere Rosen werden unter Einsatz nachhaltiger, umweltschonender Methoden kultiviert, um sowohl die Natur als auch die Gemeinschaften, die wir unterst\u00fctzen, zu sch\u00fctzen. Wir bevorzugen Anbaumethoden, die die Artenvielfalt unterst\u00fctzen, und durch unsere recyclebaren Verpackungen minimieren wir unseren \u00f6kologischen Fu\u00dfabdruck. Mit Ihrer Wahl f\u00fcr Valientea unterst\u00fctzen Sie eine Marke, die sich f\u00fcr die Pflege der Natur, die Bewahrung ihrer Unversehrtheit und nachhaltiges Wachstum f\u00fcr eine gr\u00fcnere und ges\u00fcndere Zukunft einsetzt.<\/p>\t\t\t\t\t\t\t\t<\/div>\n\t\t\t\t<\/div>\n\t\t\t\t\t<\/div>\n\t\t<\/div>\n\t\t\t\t<div class=\"elementor-column elementor-col-50 elementor-inner-column elementor-element elementor-element-a867004 animated-slow elementor-invisible\" data-id=\"a867004\" data-element_type=\"column\" data-e-type=\"column\" data-settings=\"{&quot;background_background&quot;:&quot;classic&quot;,&quot;animation&quot;:&quot;fadeInRight&quot;,&quot;animation_mobile&quot;:&quot;none&quot;}\">\n\t\t\t<div class=\"elementor-widget-wrap elementor-element-populated\">\n\t\t\t\t\t\t<div class=\"elementor-element elementor-element-257a8b4 elementor-widget elementor-widget-image\" data-id=\"257a8b4\" data-element_type=\"widget\" data-e-type=\"widget\" data-widget_type=\"image.default\">\n\t\t\t\t<div class=\"elementor-widget-container\">\n\t\t\t\t\t\t\t\t\t\t\t\t\t\t\t<img decoding=\"async\" src=\"https:\/\/valientea.com\/wp-content\/uploads\/elementor\/thumbs\/Valientea-landscape-11-1-r1kwodkivgxtijrteqcco19tr8zapyu3qv998bn2bo.jpeg\" title=\"Valientea landscape 1.jpeg1 (1)\" alt=\"Valientea landscape 1.jpeg1 (1)\" loading=\"lazy\" \/>\t\t\t\t\t\t\t\t\t\t\t\t\t\t\t<\/div>\n\t\t\t\t<\/div>\n\t\t\t\t<div class=\"elementor-element elementor-element-0cf0bd0 elementor-widget elementor-widget-heading\" data-id=\"0cf0bd0\" data-element_type=\"widget\" data-e-type=\"widget\" data-widget_type=\"heading.default\">\n\t\t\t\t<div class=\"elementor-widget-container\">\n\t\t\t\t\t<h5 class=\"elementor-heading-title elementor-size-default\">Unser Engagement f\u00fcr ethische Beschaffung<\/h5>\t\t\t\t<\/div>\n\t\t\t\t<\/div>\n\t\t\t\t<div class=\"elementor-element elementor-element-3287ba3 elementor-widget elementor-widget-heading\" data-id=\"3287ba3\" data-element_type=\"widget\" data-e-type=\"widget\" data-widget_type=\"heading.default\">\n\t\t\t\t<div class=\"elementor-widget-container\">\n\t\t\t\t\t<h2 class=\"elementor-heading-title elementor-size-default\">Ethik<\/h2>\t\t\t\t<\/div>\n\t\t\t\t<\/div>\n\t\t\t\t<div class=\"elementor-element elementor-element-d84287c elementor-widget elementor-widget-text-editor\" data-id=\"d84287c\" data-element_type=\"widget\" data-e-type=\"widget\" data-widget_type=\"text-editor.default\">\n\t\t\t\t<div class=\"elementor-widget-container\">\n\t\t\t\t\t\t\t\t\t<p>Bei Valientea geht unser Engagement f\u00fcr ethisches Handeln \u00fcber das Produkt hinaus. Wir unterst\u00fctzen stolz lokale Bauern im l\u00e4ndlichen China und arbeiten eng mit ihnen zusammen, um sicherzustellen, dass nachhaltige Landwirtschaftsmethoden f\u00fcr zuk\u00fcnftige Generationen erhalten bleiben. Diese Herangehensweise ehrt traditionelle Methoden und f\u00f6rdert gleichzeitig das wirtschaftliche Wachstum in l\u00e4ndlichen Gemeinschaften. Indem wir die Natur und die Menschen, die unsere Rosen anbauen, respektieren, schaffen wir ein Produkt, das ebenso gut f\u00fcr die Erde wie f\u00fcr uns selbst ist. Jede Tasse Valientea ist ein Fest f\u00fcr die Umwelt und die harte Arbeit, die hinter unserem Handwerk steht.<\/p>\t\t\t\t\t\t\t\t<\/div>\n\t\t\t\t<\/div>\n\t\t\t\t\t<\/div>\n\t\t<\/div>\n\t\t\t\t\t<\/div>\n\t\t<\/section>\n\t\t\t\t\t<\/div>\n\t\t<\/div>\n\t\t\t\t\t<\/div>\n\t\t<\/section>\n\t\t\t\t<\/div>","protected":false},"excerpt":{"rendered":"<p>The inspiration behind Valientea Valientea Brand Story From a deep-rooted family legacy of over 60 years of business at\u00a0PLASTIGI, a [&hellip;]<\/p>\n","protected":false},"author":1,"featured_media":0,"parent":0,"menu_order":0,"comment_status":"closed","ping_status":"closed","template":"","meta":{"site-sidebar-layout":"no-sidebar","site-content-layout":"","ast-site-content-layout":"full-width-container","site-content-style":"default","site-sidebar-style":"default","ast-global-header-display":"","ast-banner-title-visibility":"","ast-main-header-display":"","ast-hfb-above-header-display":"","ast-hfb-below-header-display":"","ast-hfb-mobile-header-display":"","site-post-title":"disabled","ast-breadcrumbs-content":"","ast-featured-img":"disabled","footer-sml-layout":"","ast-disable-related-posts":"","theme-transparent-header-meta":"","adv-header-id-meta":"","stick-header-meta":"","header-above-stick-meta":"","header-main-stick-meta":"","header-below-stick-meta":"","astra-migrate-meta-layouts":"default","ast-page-background-enabled":"default","ast-page-background-meta":{"desktop":{"background-color":"var(--ast-global-color-4)","background-image":"","background-repeat":"repeat","background-position":"center center","background-size":"auto","background-attachment":"scroll","background-type":"","background-media":"","overlay-type":"","overlay-color":"","overlay-opacity":"","overlay-gradient":""},"tablet":{"background-color":"","background-image":"","background-repeat":"repeat","background-position":"center center","background-size":"auto","background-attachment":"scroll","background-type":"","background-media":"","overlay-type":"","overlay-color":"","overlay-opacity":"","overlay-gradient":""},"mobile":{"background-color":"","background-image":"","background-repeat":"repeat","background-position":"center center","background-size":"auto","background-attachment":"scroll","background-type":"","background-media":"","overlay-type":"","overlay-color":"","overlay-opacity":"","overlay-gradient":""}},"ast-content-background-meta":{"desktop":{"background-color":"var(--ast-global-color-5)","background-image":"","background-repeat":"repeat","background-position":"center center","background-size":"auto","background-attachment":"scroll","background-type":"","background-media":"","overlay-type":"","overlay-color":"","overlay-opacity":"","overlay-gradient":""},"tablet":{"background-color":"var(--ast-global-color-5)","background-image":"","background-repeat":"repeat","background-position":"center center","background-size":"auto","background-attachment":"scroll","background-type":"","background-media":"","overlay-type":"","overlay-color":"","overlay-opacity":"","overlay-gradient":""},"mobile":{"background-color":"var(--ast-global-color-5)","background-image":"","background-repeat":"repeat","background-position":"center center","background-size":"auto","background-attachment":"scroll","background-type":"","background-media":"","overlay-type":"","overlay-color":"","overlay-opacity":"","overlay-gradient":""}},"footnotes":""},"class_list":["post-1758","page","type-page","status-publish","hentry"],"_links":{"self":[{"href":"https:\/\/valientea.com\/de\/wp-json\/wp\/v2\/pages\/1758","targetHints":{"allow":["GET"]}}],"collection":[{"href":"https:\/\/valientea.com\/de\/wp-json\/wp\/v2\/pages"}],"about":[{"href":"https:\/\/valientea.com\/de\/wp-json\/wp\/v2\/types\/page"}],"author":[{"embeddable":true,"href":"https:\/\/valientea.com\/de\/wp-json\/wp\/v2\/users\/1"}],"replies":[{"embeddable":true,"href":"https:\/\/valientea.com\/de\/wp-json\/wp\/v2\/comments?post=1758"}],"version-history":[{"count":148,"href":"https:\/\/valientea.com\/de\/wp-json\/wp\/v2\/pages\/1758\/revisions"}],"predecessor-version":[{"id":2727,"href":"https:\/\/valientea.com\/de\/wp-json\/wp\/v2\/pages\/1758\/revisions\/2727"}],"wp:attachment":[{"href":"https:\/\/valientea.com\/de\/wp-json\/wp\/v2\/media?parent=1758"}],"curies":[{"name":"wp","href":"https:\/\/api.w.org\/{rel}","templated":true}]}}