{"id":1758,"date":"2024-10-20T13:42:44","date_gmt":"2024-10-20T13:42:44","guid":{"rendered":"https:\/\/valientea.com\/?page_id=1758"},"modified":"2025-02-05T09:12:07","modified_gmt":"2025-02-05T09:12:07","slug":"about-valientea-company","status":"publish","type":"page","link":"https:\/\/valientea.com\/fr\/about-valientea-company\/","title":{"rendered":"About Valientea Company"},"content":{"rendered":"<div data-elementor-type=\"wp-page\" data-elementor-id=\"1758\" class=\"elementor elementor-1758\" data-elementor-post-type=\"page\">\n\t\t\t\t\t\t<section class=\"elementor-section elementor-top-section elementor-element elementor-element-114a84a elementor-section-content-middle elementor-section-stretched elementor-section-boxed elementor-section-height-default elementor-section-height-default\" data-id=\"114a84a\" data-element_type=\"section\" data-e-type=\"section\" data-settings=\"{&quot;background_background&quot;:&quot;classic&quot;,&quot;stretch_section&quot;:&quot;section-stretched&quot;}\">\n\t\t\t\t\t\t\t<div class=\"elementor-background-overlay\"><\/div>\n\t\t\t\t\t\t\t<div class=\"elementor-container elementor-column-gap-no\">\n\t\t\t\t\t<div class=\"elementor-column elementor-col-100 elementor-top-column elementor-element elementor-element-c376ebb\" data-id=\"c376ebb\" data-element_type=\"column\" data-e-type=\"column\">\n\t\t\t<div class=\"elementor-widget-wrap\">\n\t\t\t\t\t\t\t<\/div>\n\t\t<\/div>\n\t\t\t\t\t<\/div>\n\t\t<\/section>\n\t\t\t\t<section class=\"elementor-section elementor-top-section elementor-element elementor-element-2e976f8d elementor-section-height-min-height elementor-section-boxed elementor-section-height-default elementor-section-items-middle\" data-id=\"2e976f8d\" data-element_type=\"section\" data-e-type=\"section\" data-settings=\"{&quot;background_background&quot;:&quot;video&quot;,&quot;background_video_link&quot;:&quot;https:\\\/\\\/youtu.be\\\/4ezD0r_rxfU?si=13-lK7ZtnolHDWf2&quot;,&quot;background_video_start&quot;:2,&quot;background_play_on_mobile&quot;:&quot;yes&quot;}\">\n\t\t\t\t\t\t\t\t<div class=\"elementor-background-video-container\">\n\t\t\t\t\t\t\t\t\t\t\t\t\t<div class=\"elementor-background-video-embed\" role=\"presentation\"><\/div>\n\t\t\t\t\t\t\t\t\t\t\t\t<\/div>\n\t\t\t\t\t\t\t\t\t<div class=\"elementor-background-overlay\"><\/div>\n\t\t\t\t\t\t\t<div class=\"elementor-container elementor-column-gap-no\">\n\t\t\t\t\t<div class=\"elementor-column elementor-col-100 elementor-top-column elementor-element elementor-element-183dfe91\" data-id=\"183dfe91\" data-element_type=\"column\" data-e-type=\"column\">\n\t\t\t<div class=\"elementor-widget-wrap\">\n\t\t\t\t\t\t\t<\/div>\n\t\t<\/div>\n\t\t\t\t\t<\/div>\n\t\t<\/section>\n\t\t\t\t<section class=\"elementor-section elementor-top-section elementor-element elementor-element-0ef1ccb elementor-section-content-middle elementor-section-boxed elementor-section-height-default elementor-section-height-default\" data-id=\"0ef1ccb\" data-element_type=\"section\" data-e-type=\"section\" data-settings=\"{&quot;background_background&quot;:&quot;classic&quot;}\">\n\t\t\t\t\t\t\t<div class=\"elementor-background-overlay\"><\/div>\n\t\t\t\t\t\t\t<div class=\"elementor-container elementor-column-gap-no\">\n\t\t\t\t\t<div class=\"elementor-column elementor-col-50 elementor-top-column elementor-element elementor-element-d8a46d6 animated-slow\" data-id=\"d8a46d6\" data-element_type=\"column\" data-e-type=\"column\" data-settings=\"{&quot;background_background&quot;:&quot;classic&quot;,&quot;animation&quot;:&quot;none&quot;,&quot;animation_mobile&quot;:&quot;none&quot;}\">\n\t\t\t<div class=\"elementor-widget-wrap elementor-element-populated\">\n\t\t\t\t\t\t<div class=\"elementor-element elementor-element-7d4ceb5 elementor-widget elementor-widget-image\" data-id=\"7d4ceb5\" data-element_type=\"widget\" data-e-type=\"widget\" data-widget_type=\"image.default\">\n\t\t\t\t<div class=\"elementor-widget-container\">\n\t\t\t\t\t\t\t\t\t\t\t\t\t\t\t<img decoding=\"async\" src=\"https:\/\/valientea.com\/wp-content\/uploads\/elementor\/thumbs\/Valientea-landscape-2-1-1-r1kwoeihbsrzkzwt40lz3uzkwjvgaxxown5n3lxvyo.jpeg\" title=\"Valientea landscape 2.jpeg 1 (1)\" alt=\"Valientea landscape 2.jpeg 1 (1)\" class=\"elementor-animation-bob\" loading=\"lazy\" \/>\t\t\t\t\t\t\t\t\t\t\t\t\t\t\t<\/div>\n\t\t\t\t<\/div>\n\t\t\t\t\t<\/div>\n\t\t<\/div>\n\t\t\t\t<div class=\"elementor-column elementor-col-50 elementor-top-column elementor-element elementor-element-2677250\" data-id=\"2677250\" data-element_type=\"column\" data-e-type=\"column\" data-settings=\"{&quot;background_background&quot;:&quot;classic&quot;}\">\n\t\t\t<div class=\"elementor-widget-wrap elementor-element-populated\">\n\t\t\t\t\t\t<div class=\"elementor-element elementor-element-6065e67 elementor-widget elementor-widget-heading\" data-id=\"6065e67\" data-element_type=\"widget\" data-e-type=\"widget\" data-widget_type=\"heading.default\">\n\t\t\t\t<div class=\"elementor-widget-container\">\n\t\t\t\t\t<h5 class=\"elementor-heading-title elementor-size-default\">L'inspiration derri\u00e8re Valientea<\/h5>\t\t\t\t<\/div>\n\t\t\t\t<\/div>\n\t\t\t\t<div class=\"elementor-element elementor-element-3e2270f elementor-widget elementor-widget-heading\" data-id=\"3e2270f\" data-element_type=\"widget\" data-e-type=\"widget\" data-widget_type=\"heading.default\">\n\t\t\t\t<div class=\"elementor-widget-container\">\n\t\t\t\t\t<h2 class=\"elementor-heading-title elementor-size-default\">Histoire de la marque Valientea<\/h2>\t\t\t\t<\/div>\n\t\t\t\t<\/div>\n\t\t\t\t<div class=\"elementor-element elementor-element-254a0cb elementor-widget elementor-widget-text-editor\" data-id=\"254a0cb\" data-element_type=\"widget\" data-e-type=\"widget\" data-widget_type=\"text-editor.default\">\n\t\t\t\t<div class=\"elementor-widget-container\">\n\t\t\t\t\t\t\t\t\t<p>Issus d\u2019un h\u00e9ritage familial profond\u00e9ment enracin\u00e9 dans plus de 60 ann\u00e9es d\u2019activit\u00e9 chez PLASTIGI, une entreprise belge sp\u00e9cialis\u00e9e dans le moulage rotatif, nous avons appris l'importance de prendre soin \u00e0 la fois du corps et de l'esprit pour pr\u00e9server la sant\u00e9, la productivit\u00e9 et le bien-\u00eatre. Valientea propose une infusion naturelle et respectueuse de l'environnement, \u00e0 base de rose, con\u00e7ue pour rajeunir, restaurer l'\u00e9quilibre et la vitalit\u00e9. Nos racines dans la tradition et la nature incarnent notre engagement \u00e0 offrir une exp\u00e9rience luxueuse et ax\u00e9e sur le bien-\u00eatre, inspirant chacun \u00e0 prioriser sa force int\u00e9rieure et sa sant\u00e9.<\/p>\t\t\t\t\t\t\t\t<\/div>\n\t\t\t\t<\/div>\n\t\t\t\t\t<\/div>\n\t\t<\/div>\n\t\t\t\t\t<\/div>\n\t\t<\/section>\n\t\t\t\t<section class=\"elementor-section elementor-top-section elementor-element elementor-element-44a07c4 elementor-section-boxed elementor-section-height-default elementor-section-height-default\" data-id=\"44a07c4\" data-element_type=\"section\" data-e-type=\"section\" data-settings=\"{&quot;background_background&quot;:&quot;classic&quot;}\">\n\t\t\t\t\t\t\t<div class=\"elementor-background-overlay\"><\/div>\n\t\t\t\t\t\t\t<div class=\"elementor-container elementor-column-gap-no\">\n\t\t\t\t\t<div class=\"elementor-column elementor-col-100 elementor-top-column elementor-element elementor-element-35b82c4\" data-id=\"35b82c4\" data-element_type=\"column\" data-e-type=\"column\">\n\t\t\t<div class=\"elementor-widget-wrap elementor-element-populated\">\n\t\t\t\t\t\t<div class=\"elementor-element elementor-element-444fc66 elementor-widget elementor-widget-heading\" data-id=\"444fc66\" data-element_type=\"widget\" data-e-type=\"widget\" data-widget_type=\"heading.default\">\n\t\t\t\t<div class=\"elementor-widget-container\">\n\t\t\t\t\t<h5 class=\"elementor-heading-title elementor-size-default\">Vision, mission, durabilit\u00e9 et \u00e9thique de l\u2019entreprise<\/h5>\t\t\t\t<\/div>\n\t\t\t\t<\/div>\n\t\t\t\t<div class=\"elementor-element elementor-element-fa53c51 elementor-widget elementor-widget-heading\" data-id=\"fa53c51\" data-element_type=\"widget\" data-e-type=\"widget\" data-widget_type=\"heading.default\">\n\t\t\t\t<div class=\"elementor-widget-container\">\n\t\t\t\t\t<h2 class=\"elementor-heading-title elementor-size-default\">Notre entreprise est guid\u00e9e par une vision claire, une mission forte, un engagement envers la durabilit\u00e9 et des principes \u00e9thiques qui orientent nos actions et favorisent le succ\u00e8s \u00e0 long terme.<\/h2>\t\t\t\t<\/div>\n\t\t\t\t<\/div>\n\t\t\t\t\t<\/div>\n\t\t<\/div>\n\t\t\t\t\t<\/div>\n\t\t<\/section>\n\t\t\t\t<section class=\"elementor-section elementor-top-section elementor-element elementor-element-72f8cf16 elementor-section-boxed elementor-section-height-default elementor-section-height-default\" data-id=\"72f8cf16\" data-element_type=\"section\" data-e-type=\"section\" data-settings=\"{&quot;background_background&quot;:&quot;classic&quot;}\">\n\t\t\t\t\t\t\t<div class=\"elementor-background-overlay\"><\/div>\n\t\t\t\t\t\t\t<div class=\"elementor-container elementor-column-gap-no\">\n\t\t\t\t\t<div class=\"elementor-column elementor-col-100 elementor-top-column elementor-element elementor-element-3744b967\" data-id=\"3744b967\" data-element_type=\"column\" data-e-type=\"column\">\n\t\t\t<div class=\"elementor-widget-wrap elementor-element-populated\">\n\t\t\t\t\t\t<section class=\"elementor-section elementor-inner-section elementor-element elementor-element-5cd30d90 envato-kit-141-top-0 elementor-section-full_width elementor-section-height-default elementor-section-height-default\" data-id=\"5cd30d90\" data-element_type=\"section\" data-e-type=\"section\">\n\t\t\t\t\t\t<div class=\"elementor-container elementor-column-gap-default\">\n\t\t\t\t\t<div class=\"elementor-column elementor-col-50 elementor-inner-column elementor-element elementor-element-ea831f7 animated-slow elementor-invisible\" data-id=\"ea831f7\" data-element_type=\"column\" data-e-type=\"column\" data-settings=\"{&quot;background_background&quot;:&quot;classic&quot;,&quot;animation&quot;:&quot;fadeInLeft&quot;,&quot;animation_mobile&quot;:&quot;none&quot;}\">\n\t\t\t<div class=\"elementor-widget-wrap elementor-element-populated\">\n\t\t\t\t\t\t<div class=\"elementor-element elementor-element-3957b910 elementor-widget elementor-widget-image\" data-id=\"3957b910\" data-element_type=\"widget\" data-e-type=\"widget\" data-widget_type=\"image.default\">\n\t\t\t\t<div class=\"elementor-widget-container\">\n\t\t\t\t\t\t\t\t\t\t\t\t\t\t\t<img decoding=\"async\" src=\"https:\/\/valientea.com\/wp-content\/uploads\/elementor\/thumbs\/Valientea-rose-infusion-historyrose_infusion_-history-gigapixel-high-fidelity-v2-1x111-r1kwoeid2az3u5qg98qz8j1acmunxnxu2zwqpllo5g.jpeg\" title=\"Valientea rose infusion historyrose_infusion_ history-gigapixel-high fidelity v2-1x.jpeg111\" alt=\"Valientea rose infusion historyrose_infusion_ history-gigapixel-high fidelity v2-1x.jpeg111\" loading=\"lazy\" \/>\t\t\t\t\t\t\t\t\t\t\t\t\t\t\t<\/div>\n\t\t\t\t<\/div>\n\t\t\t\t<div class=\"elementor-element elementor-element-c19b234 elementor-widget elementor-widget-heading\" data-id=\"c19b234\" data-element_type=\"widget\" data-e-type=\"widget\" data-widget_type=\"heading.default\">\n\t\t\t\t<div class=\"elementor-widget-container\">\n\t\t\t\t\t<h5 class=\"elementor-heading-title elementor-size-default\">Cultiver le bien-\u00eatre int\u00e9rieur pour une vie \u00e9quilibr\u00e9e<\/h5>\t\t\t\t<\/div>\n\t\t\t\t<\/div>\n\t\t\t\t<div class=\"elementor-element elementor-element-516bc4e5 elementor-widget elementor-widget-heading\" data-id=\"516bc4e5\" data-element_type=\"widget\" data-e-type=\"widget\" data-widget_type=\"heading.default\">\n\t\t\t\t<div class=\"elementor-widget-container\">\n\t\t\t\t\t<h2 class=\"elementor-heading-title elementor-size-default\">Vision<\/h2>\t\t\t\t<\/div>\n\t\t\t\t<\/div>\n\t\t\t\t<div class=\"elementor-element elementor-element-3144d18d elementor-widget elementor-widget-text-editor\" data-id=\"3144d18d\" data-element_type=\"widget\" data-e-type=\"widget\" data-widget_type=\"text-editor.default\">\n\t\t\t\t<div class=\"elementor-widget-container\">\n\t\t\t\t\t\t\t\t\t<p>Valientea a \u00e9t\u00e9 fond\u00e9e sur la conviction que le v\u00e9ritable bien-\u00eatre et l'\u00e9quilibre commencent de l'int\u00e9rieur. Dans le monde rapide d'aujourd'hui, prendre soin de sa sant\u00e9 et de sa beaut\u00e9 peut \u00eatre un d\u00e9fi. Le stress, les toxines environnementales et une mauvaise nutrition peuvent affecter notre \u00e9nergie, notre peau et notre bien-\u00eatre g\u00e9n\u00e9ral. Notre vision d\u00e9passe l\u2019id\u00e9e d\u2019offrir une simple exp\u00e9rience d\u2019infusion luxueuse \u2013 nous visons \u00e0 accompagner votre parcours de bien-\u00eatre de mani\u00e8re naturelle. Chaque gorg\u00e9e de Valientea est con\u00e7ue pour promouvoir l'\u00e9quilibre, la vitalit\u00e9 et la r\u00e9silience, gr\u00e2ce \u00e0 une s\u00e9lection raffin\u00e9e de roses pour vous aider \u00e0 prosp\u00e9rer, m\u00eame lors des journ\u00e9es les plus charg\u00e9es.<\/p>\t\t\t\t\t\t\t\t<\/div>\n\t\t\t\t<\/div>\n\t\t\t\t\t<\/div>\n\t\t<\/div>\n\t\t\t\t<div class=\"elementor-column elementor-col-50 elementor-inner-column elementor-element elementor-element-44a59072 animated-slow elementor-invisible\" data-id=\"44a59072\" data-element_type=\"column\" data-e-type=\"column\" data-settings=\"{&quot;background_background&quot;:&quot;classic&quot;,&quot;animation&quot;:&quot;fadeInRight&quot;,&quot;animation_mobile&quot;:&quot;none&quot;}\">\n\t\t\t<div class=\"elementor-widget-wrap elementor-element-populated\">\n\t\t\t\t\t\t<div class=\"elementor-element elementor-element-b30f41d elementor-widget elementor-widget-image\" data-id=\"b30f41d\" data-element_type=\"widget\" data-e-type=\"widget\" data-widget_type=\"image.default\">\n\t\t\t\t<div class=\"elementor-widget-container\">\n\t\t\t\t\t\t\t\t\t\t\t\t\t\t\t<img decoding=\"async\" src=\"https:\/\/valientea.com\/wp-content\/uploads\/elementor\/thumbs\/Valientea-landscape-5-r1kwodkivgxtijrteqcco19tr8zapyu3qv998bn2bo.jpeg\" title=\"Valientea landscape 5\" alt=\"Valientea landscape 5\" loading=\"lazy\" \/>\t\t\t\t\t\t\t\t\t\t\t\t\t\t\t<\/div>\n\t\t\t\t<\/div>\n\t\t\t\t<div class=\"elementor-element elementor-element-07a166b elementor-widget elementor-widget-heading\" data-id=\"07a166b\" data-element_type=\"widget\" data-e-type=\"widget\" data-widget_type=\"heading.default\">\n\t\t\t\t<div class=\"elementor-widget-container\">\n\t\t\t\t\t<h5 class=\"elementor-heading-title elementor-size-default\">Cultiver le bien-\u00eatre \u00e0 chaque gorg\u00e9e<\/h5>\t\t\t\t<\/div>\n\t\t\t\t<\/div>\n\t\t\t\t<div class=\"elementor-element elementor-element-7fe2fa97 elementor-widget elementor-widget-heading\" data-id=\"7fe2fa97\" data-element_type=\"widget\" data-e-type=\"widget\" data-widget_type=\"heading.default\">\n\t\t\t\t<div class=\"elementor-widget-container\">\n\t\t\t\t\t<h2 class=\"elementor-heading-title elementor-size-default\">Mission<\/h2>\t\t\t\t<\/div>\n\t\t\t\t<\/div>\n\t\t\t\t<div class=\"elementor-element elementor-element-6c79cd5d elementor-widget elementor-widget-text-editor\" data-id=\"6c79cd5d\" data-element_type=\"widget\" data-e-type=\"widget\" data-widget_type=\"text-editor.default\">\n\t\t\t\t<div class=\"elementor-widget-container\">\n\t\t\t\t\t\t\t\t\t<p>La mission de Valientea est de promouvoir le bien-\u00eatre holistique gr\u00e2ce \u00e0 une exp\u00e9rience d'infusion naturelle et haut de gamme. Nous croyons au pouvoir curatif de la nature pour nourrir \u00e0 la fois le corps et l'esprit, en cr\u00e9ant des infusions \u00e0 base de rose qui favorisent la d\u00e9tente, l'\u00e9quilibre, la sant\u00e9 et la force int\u00e9rieure. Avec un engagement envers la qualit\u00e9, les pratiques \u00e9thiques et la pr\u00e9servation de l'environnement, Valientea est bien plus qu'une infusion \u2013 c'est un voyage vers le d\u00e9veloppement personnel et un mode de vie ax\u00e9 sur le bien-\u00eatre conscient. En choisissant Valientea, vous choisissez une marque qui valorise votre sant\u00e9 et la plan\u00e8te, assurant un avenir meilleur pour les g\u00e9n\u00e9rations \u00e0 venir.<\/p>\t\t\t\t\t\t\t\t<\/div>\n\t\t\t\t<\/div>\n\t\t\t\t\t<\/div>\n\t\t<\/div>\n\t\t\t\t\t<\/div>\n\t\t<\/section>\n\t\t\t\t<section class=\"elementor-section elementor-inner-section elementor-element elementor-element-98ae3d4 envato-kit-141-top-0 elementor-section-full_width elementor-section-height-default elementor-section-height-default\" data-id=\"98ae3d4\" data-element_type=\"section\" data-e-type=\"section\">\n\t\t\t\t\t\t<div class=\"elementor-container elementor-column-gap-default\">\n\t\t\t\t\t<div class=\"elementor-column elementor-col-50 elementor-inner-column elementor-element elementor-element-761a33c animated-slow elementor-invisible\" data-id=\"761a33c\" data-element_type=\"column\" data-e-type=\"column\" data-settings=\"{&quot;background_background&quot;:&quot;classic&quot;,&quot;animation&quot;:&quot;fadeInLeft&quot;,&quot;animation_mobile&quot;:&quot;none&quot;}\">\n\t\t\t<div class=\"elementor-widget-wrap elementor-element-populated\">\n\t\t\t\t\t\t<div class=\"elementor-element elementor-element-672ad51 elementor-widget elementor-widget-image\" data-id=\"672ad51\" data-element_type=\"widget\" data-e-type=\"widget\" data-widget_type=\"image.default\">\n\t\t\t\t<div class=\"elementor-widget-container\">\n\t\t\t\t\t\t\t\t\t\t\t\t\t\t\t<img decoding=\"async\" src=\"https:\/\/valientea.com\/wp-content\/uploads\/elementor\/thumbs\/Valientea-landscape-1-11-1-r1kwoar0aytyjpvwv74gyjzfz3d72viwqhasshr8uc.jpeg\" title=\"Valientea landscape 1-1.jpeg1 (1)\" alt=\"Valientea landscape 1-1.jpeg1 (1)\" loading=\"lazy\" \/>\t\t\t\t\t\t\t\t\t\t\t\t\t\t\t<\/div>\n\t\t\t\t<\/div>\n\t\t\t\t<div class=\"elementor-element elementor-element-35edf04 elementor-widget elementor-widget-heading\" data-id=\"35edf04\" data-element_type=\"widget\" data-e-type=\"widget\" data-widget_type=\"heading.default\">\n\t\t\t\t<div class=\"elementor-widget-container\">\n\t\t\t\t\t<h5 class=\"elementor-heading-title elementor-size-default\">Une culture \u00e9co-responsable pour un avenir meilleur<\/h5>\t\t\t\t<\/div>\n\t\t\t\t<\/div>\n\t\t\t\t<div class=\"elementor-element elementor-element-a6554de elementor-widget elementor-widget-heading\" data-id=\"a6554de\" data-element_type=\"widget\" data-e-type=\"widget\" data-widget_type=\"heading.default\">\n\t\t\t\t<div class=\"elementor-widget-container\">\n\t\t\t\t\t<h2 class=\"elementor-heading-title elementor-size-default\">Durabilit\u00e9<\/h2>\t\t\t\t<\/div>\n\t\t\t\t<\/div>\n\t\t\t\t<div class=\"elementor-element elementor-element-2c50d77 elementor-widget elementor-widget-text-editor\" data-id=\"2c50d77\" data-element_type=\"widget\" data-e-type=\"widget\" data-widget_type=\"text-editor.default\">\n\t\t\t\t<div class=\"elementor-widget-container\">\n\t\t\t\t\t\t\t\t\t<p>Valientea s'engage profond\u00e9ment en faveur de la durabilit\u00e9 \u00e0 chaque \u00e9tape de notre processus. Nos roses sont cultiv\u00e9es selon des m\u00e9thodes agricoles durables et respectueuses de l'environnement pour prot\u00e9ger la nature et les communaut\u00e9s que nous servons. Nous privil\u00e9gions des pratiques agricoles favorisant la biodiversit\u00e9, et nos emballages recyclables garantissent un impact environnemental minimal. En choisissant Valientea, vous soutenez une marque qui croit en la pr\u00e9servation de la nature, en respectant sa puret\u00e9 et en cultivant de mani\u00e8re durable pour un avenir plus vert et plus sain.<\/p>\t\t\t\t\t\t\t\t<\/div>\n\t\t\t\t<\/div>\n\t\t\t\t\t<\/div>\n\t\t<\/div>\n\t\t\t\t<div class=\"elementor-column elementor-col-50 elementor-inner-column elementor-element elementor-element-a867004 animated-slow elementor-invisible\" data-id=\"a867004\" data-element_type=\"column\" data-e-type=\"column\" data-settings=\"{&quot;background_background&quot;:&quot;classic&quot;,&quot;animation&quot;:&quot;fadeInRight&quot;,&quot;animation_mobile&quot;:&quot;none&quot;}\">\n\t\t\t<div class=\"elementor-widget-wrap elementor-element-populated\">\n\t\t\t\t\t\t<div class=\"elementor-element elementor-element-257a8b4 elementor-widget elementor-widget-image\" data-id=\"257a8b4\" data-element_type=\"widget\" data-e-type=\"widget\" data-widget_type=\"image.default\">\n\t\t\t\t<div class=\"elementor-widget-container\">\n\t\t\t\t\t\t\t\t\t\t\t\t\t\t\t<img decoding=\"async\" src=\"https:\/\/valientea.com\/wp-content\/uploads\/elementor\/thumbs\/Valientea-landscape-11-1-r1kwodkivgxtijrteqcco19tr8zapyu3qv998bn2bo.jpeg\" title=\"Valientea landscape 1.jpeg1 (1)\" alt=\"Valientea landscape 1.jpeg1 (1)\" loading=\"lazy\" \/>\t\t\t\t\t\t\t\t\t\t\t\t\t\t\t<\/div>\n\t\t\t\t<\/div>\n\t\t\t\t<div class=\"elementor-element elementor-element-0cf0bd0 elementor-widget elementor-widget-heading\" data-id=\"0cf0bd0\" data-element_type=\"widget\" data-e-type=\"widget\" data-widget_type=\"heading.default\">\n\t\t\t\t<div class=\"elementor-widget-container\">\n\t\t\t\t\t<h5 class=\"elementor-heading-title elementor-size-default\">Notre engagement pour un approvisionnement \u00e9thique<\/h5>\t\t\t\t<\/div>\n\t\t\t\t<\/div>\n\t\t\t\t<div class=\"elementor-element elementor-element-3287ba3 elementor-widget elementor-widget-heading\" data-id=\"3287ba3\" data-element_type=\"widget\" data-e-type=\"widget\" data-widget_type=\"heading.default\">\n\t\t\t\t<div class=\"elementor-widget-container\">\n\t\t\t\t\t<h2 class=\"elementor-heading-title elementor-size-default\">\u00c9thique<\/h2>\t\t\t\t<\/div>\n\t\t\t\t<\/div>\n\t\t\t\t<div class=\"elementor-element elementor-element-d84287c elementor-widget elementor-widget-text-editor\" data-id=\"d84287c\" data-element_type=\"widget\" data-e-type=\"widget\" data-widget_type=\"text-editor.default\">\n\t\t\t\t<div class=\"elementor-widget-container\">\n\t\t\t\t\t\t\t\t\t<p>Chez Valientea, notre engagement envers des pratiques \u00e9thiques va au-del\u00e0 du produit. Nous soutenons fi\u00e8rement les agriculteurs locaux dans les r\u00e9gions rurales de Chine, en travaillant main dans la main avec eux pour garantir la p\u00e9rennit\u00e9 des pratiques agricoles durables pour les g\u00e9n\u00e9rations futures. Cette approche respecte les m\u00e9thodes traditionnelles tout en favorisant la croissance \u00e9conomique dans les communaut\u00e9s rurales. En respectant la nature et les personnes qui cultivent nos roses, nous cr\u00e9ons un produit aussi bon pour la terre que pour nous-m\u00eames. Chaque tasse de Valientea est une c\u00e9l\u00e9bration de l'environnement et du travail acharn\u00e9 derri\u00e8re notre savoir-faire.<\/p>\t\t\t\t\t\t\t\t<\/div>\n\t\t\t\t<\/div>\n\t\t\t\t\t<\/div>\n\t\t<\/div>\n\t\t\t\t\t<\/div>\n\t\t<\/section>\n\t\t\t\t\t<\/div>\n\t\t<\/div>\n\t\t\t\t\t<\/div>\n\t\t<\/section>\n\t\t\t\t<\/div>","protected":false},"excerpt":{"rendered":"<p>The inspiration behind Valientea Valientea Brand Story From a deep-rooted family legacy of over 60 years of business at\u00a0PLASTIGI, a [&hellip;]<\/p>\n","protected":false},"author":1,"featured_media":0,"parent":0,"menu_order":0,"comment_status":"closed","ping_status":"closed","template":"","meta":{"site-sidebar-layout":"no-sidebar","site-content-layout":"","ast-site-content-layout":"full-width-container","site-content-style":"default","site-sidebar-style":"default","ast-global-header-display":"","ast-banner-title-visibility":"","ast-main-header-display":"","ast-hfb-above-header-display":"","ast-hfb-below-header-display":"","ast-hfb-mobile-header-display":"","site-post-title":"disabled","ast-breadcrumbs-content":"","ast-featured-img":"disabled","footer-sml-layout":"","ast-disable-related-posts":"","theme-transparent-header-meta":"","adv-header-id-meta":"","stick-header-meta":"","header-above-stick-meta":"","header-main-stick-meta":"","header-below-stick-meta":"","astra-migrate-meta-layouts":"default","ast-page-background-enabled":"default","ast-page-background-meta":{"desktop":{"background-color":"var(--ast-global-color-4)","background-image":"","background-repeat":"repeat","background-position":"center center","background-size":"auto","background-attachment":"scroll","background-type":"","background-media":"","overlay-type":"","overlay-color":"","overlay-opacity":"","overlay-gradient":""},"tablet":{"background-color":"","background-image":"","background-repeat":"repeat","background-position":"center center","background-size":"auto","background-attachment":"scroll","background-type":"","background-media":"","overlay-type":"","overlay-color":"","overlay-opacity":"","overlay-gradient":""},"mobile":{"background-color":"","background-image":"","background-repeat":"repeat","background-position":"center center","background-size":"auto","background-attachment":"scroll","background-type":"","background-media":"","overlay-type":"","overlay-color":"","overlay-opacity":"","overlay-gradient":""}},"ast-content-background-meta":{"desktop":{"background-color":"var(--ast-global-color-5)","background-image":"","background-repeat":"repeat","background-position":"center center","background-size":"auto","background-attachment":"scroll","background-type":"","background-media":"","overlay-type":"","overlay-color":"","overlay-opacity":"","overlay-gradient":""},"tablet":{"background-color":"var(--ast-global-color-5)","background-image":"","background-repeat":"repeat","background-position":"center center","background-size":"auto","background-attachment":"scroll","background-type":"","background-media":"","overlay-type":"","overlay-color":"","overlay-opacity":"","overlay-gradient":""},"mobile":{"background-color":"var(--ast-global-color-5)","background-image":"","background-repeat":"repeat","background-position":"center center","background-size":"auto","background-attachment":"scroll","background-type":"","background-media":"","overlay-type":"","overlay-color":"","overlay-opacity":"","overlay-gradient":""}},"footnotes":""},"class_list":["post-1758","page","type-page","status-publish","hentry"],"_links":{"self":[{"href":"https:\/\/valientea.com\/fr\/wp-json\/wp\/v2\/pages\/1758","targetHints":{"allow":["GET"]}}],"collection":[{"href":"https:\/\/valientea.com\/fr\/wp-json\/wp\/v2\/pages"}],"about":[{"href":"https:\/\/valientea.com\/fr\/wp-json\/wp\/v2\/types\/page"}],"author":[{"embeddable":true,"href":"https:\/\/valientea.com\/fr\/wp-json\/wp\/v2\/users\/1"}],"replies":[{"embeddable":true,"href":"https:\/\/valientea.com\/fr\/wp-json\/wp\/v2\/comments?post=1758"}],"version-history":[{"count":148,"href":"https:\/\/valientea.com\/fr\/wp-json\/wp\/v2\/pages\/1758\/revisions"}],"predecessor-version":[{"id":2727,"href":"https:\/\/valientea.com\/fr\/wp-json\/wp\/v2\/pages\/1758\/revisions\/2727"}],"wp:attachment":[{"href":"https:\/\/valientea.com\/fr\/wp-json\/wp\/v2\/media?parent=1758"}],"curies":[{"name":"wp","href":"https:\/\/api.w.org\/{rel}","templated":true}]}}